{"id":174,"date":"2021-03-09T08:41:46","date_gmt":"2021-03-09T08:41:46","guid":{"rendered":"https:\/\/escapistevent.com.tr\/beta\/?page_id=174"},"modified":"2025-07-27T23:42:23","modified_gmt":"2025-07-27T23:42:23","slug":"contact","status":"publish","type":"page","link":"https:\/\/escapistevent.com.tr\/en\/contact\/","title":{"rendered":"Contact"},"content":{"rendered":"\t\t<div data-elementor-type=\"wp-page\" data-elementor-id=\"174\" class=\"elementor elementor-174\" data-elementor-post-type=\"page\">\n\t\t\t\t<div class=\"elementor-element elementor-element-b51faa8 e-flex e-con-boxed e-con e-parent\" data-id=\"b51faa8\" data-element_type=\"container\" data-settings=\"{&quot;background_background&quot;:&quot;classic&quot;}\">\n\t\t\t\t\t<div class=\"e-con-inner\">\n\t\t<div class=\"elementor-element elementor-element-7acc44f e-con-full e-flex e-con e-child\" data-id=\"7acc44f\" data-element_type=\"container\">\n\t\t\t\t<div class=\"elementor-element elementor-element-1b0dc1a elementor-widget elementor-widget-heading\" data-id=\"1b0dc1a\" data-element_type=\"widget\" data-widget_type=\"heading.default\">\n\t\t\t\t<div class=\"elementor-widget-container\">\n\t\t\t\t\t<h1 class=\"elementor-heading-title elementor-size-default\">Contact Us<\/h1>\t\t\t\t<\/div>\n\t\t\t\t<\/div>\n\t\t\t\t<div class=\"elementor-element elementor-element-0f565cd elementor-widget elementor-widget-text-editor\" data-id=\"0f565cd\" data-element_type=\"widget\" data-widget_type=\"text-editor.default\">\n\t\t\t\t<div class=\"elementor-widget-container\">\n\t\t\t\t\t\t\t\t\t<p>Communication is Important!<\/p><p>You can always contact us and we can work on your creative ideas together.<\/p>\t\t\t\t\t\t\t\t<\/div>\n\t\t\t\t<\/div>\n\t\t\t\t<\/div>\n\t\t\t\t\t<\/div>\n\t\t\t\t<\/div>\n\t\t<div class=\"elementor-element elementor-element-8993ac0 e-flex e-con-boxed e-con e-parent\" data-id=\"8993ac0\" data-element_type=\"container\">\n\t\t\t\t\t<div class=\"e-con-inner\">\n\t\t<div class=\"elementor-element elementor-element-39a07e6 e-con-full e-flex e-con e-child\" data-id=\"39a07e6\" data-element_type=\"container\">\n\t\t\t\t<div class=\"elementor-element elementor-element-cf0ffaf animated-slow elementor-widget__width-auto elementor-absolute elementor-widget elementor-widget-image\" data-id=\"cf0ffaf\" data-element_type=\"widget\" data-settings=\"{&quot;_animation&quot;:&quot;none&quot;,&quot;_animation_delay&quot;:0,&quot;_position&quot;:&quot;absolute&quot;}\" data-widget_type=\"image.default\">\n\t\t\t\t<div class=\"elementor-widget-container\">\n\t\t\t\t\t\t\t\t\t\t\t\t\t\t\t<img fetchpriority=\"high\" decoding=\"async\" width=\"600\" height=\"600\" src=\"https:\/\/escapistevent.com.tr\/en\/wp-content\/uploads\/2025\/07\/escapist-symbol-1.png\" class=\"attachment-large size-large wp-image-7736\" alt=\"\" srcset=\"https:\/\/escapistevent.com.tr\/en\/wp-content\/uploads\/2025\/07\/escapist-symbol-1.png 600w, https:\/\/escapistevent.com.tr\/en\/wp-content\/uploads\/2025\/07\/escapist-symbol-1-300x300.png 300w, https:\/\/escapistevent.com.tr\/en\/wp-content\/uploads\/2025\/07\/escapist-symbol-1-150x150.png 150w\" sizes=\"(max-width: 600px) 100vw, 600px\" \/>\t\t\t\t\t\t\t\t\t\t\t\t\t\t\t<\/div>\n\t\t\t\t<\/div>\n\t\t\t\t<div class=\"elementor-element elementor-element-7559730 elementor-widget elementor-widget-heading\" data-id=\"7559730\" data-element_type=\"widget\" data-widget_type=\"heading.default\">\n\t\t\t\t<div class=\"elementor-widget-container\">\n\t\t\t\t\t<h2 class=\"elementor-heading-title elementor-size-default\">Contact Us<\/h2>\t\t\t\t<\/div>\n\t\t\t\t<\/div>\n\t\t\t\t<div class=\"elementor-element elementor-element-26e3753 elementor-widget elementor-widget-heading\" data-id=\"26e3753\" data-element_type=\"widget\" data-widget_type=\"heading.default\">\n\t\t\t\t<div class=\"elementor-widget-container\">\n\t\t\t\t\t<div class=\"elementor-heading-title elementor-size-default\">You can contact us for all of your event and experience ideas you would like to see come to life. <\/div>\t\t\t\t<\/div>\n\t\t\t\t<\/div>\n\t\t<div class=\"elementor-element elementor-element-374c56c e-con-full e-flex e-con e-child\" data-id=\"374c56c\" data-element_type=\"container\">\n\t\t<div class=\"elementor-element elementor-element-daf4f39 e-con-full e-flex e-con e-child\" data-id=\"daf4f39\" data-element_type=\"container\">\n\t\t\t\t<div class=\"elementor-element elementor-element-7039413 elementor-widget__width-auto elementor-view-default elementor-widget elementor-widget-icon\" data-id=\"7039413\" data-element_type=\"widget\" data-widget_type=\"icon.default\">\n\t\t\t\t<div class=\"elementor-widget-container\">\n\t\t\t\t\t\t\t<div class=\"elementor-icon-wrapper\">\n\t\t\t<div class=\"elementor-icon\">\n\t\t\t<i aria-hidden=\"true\" class=\"fas fa-phone-alt\"><\/i>\t\t\t<\/div>\n\t\t<\/div>\n\t\t\t\t\t\t<\/div>\n\t\t\t\t<\/div>\n\t\t\t\t<div class=\"elementor-element elementor-element-a281b01 elementor-widget__width-auto elementor-widget elementor-widget-heading\" data-id=\"a281b01\" data-element_type=\"widget\" data-widget_type=\"heading.default\">\n\t\t\t\t<div class=\"elementor-widget-container\">\n\t\t\t\t\t<h6 class=\"elementor-heading-title elementor-size-default\">Office <br><\/h6>\t\t\t\t<\/div>\n\t\t\t\t<\/div>\n\t\t\t\t<div class=\"elementor-element elementor-element-b65d7cc elementor-widget__width-auto elementor-widget elementor-widget-heading\" data-id=\"b65d7cc\" data-element_type=\"widget\" data-widget_type=\"heading.default\">\n\t\t\t\t<div class=\"elementor-widget-container\">\n\t\t\t\t\t<div class=\"elementor-heading-title elementor-size-default\"><a href=\"tel:+902122720372\">0212-272-0372<\/a><\/div>\t\t\t\t<\/div>\n\t\t\t\t<\/div>\n\t\t\t\t<\/div>\n\t\t\t\t<\/div>\n\t\t\t\t<div class=\"elementor-element elementor-element-694bbcf elementor-widget elementor-widget-html\" data-id=\"694bbcf\" data-element_type=\"widget\" data-widget_type=\"html.default\">\n\t\t\t\t<div class=\"elementor-widget-container\">\n\t\t\t\t\t<iframe src=\"https:\/\/www.google.com\/maps\/embed?pb=!1m18!1m12!1m3!1d3008.039527533306!2d28.98960117676163!3d41.06812861573641!2m3!1f0!2f0!3f0!3m2!1i1024!2i768!4f13.1!3m3!1m2!1s0x14cab7a20e40b1d5%3A0xb028d3b2eb76c51a!2sEscapist%20%7C%20Experience%20-%20Gamification%20-%20Productions!5e0!3m2!1str!2str!4v1724532946547!5m2!1str!2str\" width=\"600\" height=\"450\" style=\"border:0;\" allowfullscreen=\"\" loading=\"lazy\" referrerpolicy=\"no-referrer-when-downgrade\"><\/iframe>\t\t\t\t<\/div>\n\t\t\t\t<\/div>\n\t\t\t\t<\/div>\n\t\t<div class=\"elementor-element elementor-element-c6ceee3 e-con-full e-flex e-con e-child\" data-id=\"c6ceee3\" data-element_type=\"container\" data-settings=\"{&quot;background_background&quot;:&quot;classic&quot;}\">\n\t\t\t\t<div class=\"elementor-element elementor-element-5c6f2de elementor-widget elementor-widget-heading\" data-id=\"5c6f2de\" data-element_type=\"widget\" data-widget_type=\"heading.default\">\n\t\t\t\t<div class=\"elementor-widget-container\">\n\t\t\t\t\t<h2 class=\"elementor-heading-title elementor-size-default\">Contact Form<\/h2>\t\t\t\t<\/div>\n\t\t\t\t<\/div>\n\t\t\t\t<div class=\"elementor-element elementor-element-0be2fed elementor-button-align-stretch elementor-widget elementor-widget-form\" data-id=\"0be2fed\" data-element_type=\"widget\" data-settings=\"{&quot;step_next_label&quot;:&quot;Next&quot;,&quot;step_previous_label&quot;:&quot;Previous&quot;,&quot;button_width&quot;:&quot;100&quot;,&quot;step_type&quot;:&quot;number_text&quot;,&quot;step_icon_shape&quot;:&quot;circle&quot;}\" data-widget_type=\"form.default\">\n\t\t\t\t<div class=\"elementor-widget-container\">\n\t\t\t\t\t\t\t<form class=\"elementor-form\" method=\"post\" name=\"New Form\" aria-label=\"New Form\">\n\t\t\t<input type=\"hidden\" name=\"post_id\" value=\"174\"\/>\n\t\t\t<input type=\"hidden\" name=\"form_id\" value=\"0be2fed\"\/>\n\t\t\t<input type=\"hidden\" name=\"referer_title\" value=\"Escapist | Experience Gamification Productions Event\" \/>\n\n\t\t\t\n\t\t\t<div class=\"elementor-form-fields-wrapper elementor-labels-above\">\n\t\t\t\t\t\t\t\t<div class=\"elementor-field-type-text elementor-field-group elementor-column elementor-field-group-field_0740a8b elementor-col-50\">\n\t\t\t\t\t\t\t\t\t\t\t\t\t<input size=\"1\" type=\"text\" name=\"form_fields[field_0740a8b]\" id=\"form-field-field_0740a8b\" class=\"elementor-field elementor-size-md  elementor-field-textual\" placeholder=\"Name  (*)\">\n\t\t\t\t\t\t\t\t\t\t\t<\/div>\n\t\t\t\t\t\t\t\t<div class=\"elementor-field-type-email elementor-field-group elementor-column elementor-field-group-email elementor-col-50 elementor-field-required\">\n\t\t\t\t\t\t\t\t\t\t\t\t\t<input size=\"1\" type=\"email\" name=\"form_fields[email]\" id=\"form-field-email\" class=\"elementor-field elementor-size-md  elementor-field-textual\" placeholder=\"E-mail address (*)\" required=\"required\">\n\t\t\t\t\t\t\t\t\t\t\t<\/div>\n\t\t\t\t\t\t\t\t<div class=\"elementor-field-type-tel elementor-field-group elementor-column elementor-field-group-field_2efc8e7 elementor-col-50\">\n\t\t\t\t\t\t\t<input size=\"1\" type=\"tel\" name=\"form_fields[field_2efc8e7]\" id=\"form-field-field_2efc8e7\" class=\"elementor-field elementor-size-md  elementor-field-textual\" placeholder=\"Phone\" pattern=\"[0-9()#&amp;+*-=.]+\" title=\"Only numbers and phone characters (#, -, *, etc) are accepted.\">\n\n\t\t\t\t\t\t<\/div>\n\t\t\t\t\t\t\t\t<div class=\"elementor-field-type-text elementor-field-group elementor-column elementor-field-group-field_7340a95 elementor-col-50\">\n\t\t\t\t\t\t\t\t\t\t\t\t\t<input size=\"1\" type=\"text\" name=\"form_fields[field_7340a95]\" id=\"form-field-field_7340a95\" class=\"elementor-field elementor-size-md  elementor-field-textual\" placeholder=\"Name of Company\">\n\t\t\t\t\t\t\t\t\t\t\t<\/div>\n\t\t\t\t\t\t\t\t<div class=\"elementor-field-type-textarea elementor-field-group elementor-column elementor-field-group-message elementor-col-100\">\n\t\t\t\t\t<textarea class=\"elementor-field-textual elementor-field  elementor-size-md\" name=\"form_fields[message]\" id=\"form-field-message\" rows=\"4\" placeholder=\"Your Message\"><\/textarea>\t\t\t\t<\/div>\n\t\t\t\t\t\t\t\t<div class=\"elementor-field-group elementor-column elementor-field-type-submit elementor-col-100 e-form__buttons\">\n\t\t\t\t\t<button class=\"elementor-button elementor-size-sm\" type=\"submit\">\n\t\t\t\t\t\t<span class=\"elementor-button-content-wrapper\">\n\t\t\t\t\t\t\t\t\t\t\t\t\t\t\t\t\t\t\t\t\t\t<span class=\"elementor-button-text\">Receive Proposal<\/span>\n\t\t\t\t\t\t\t\t\t\t\t\t\t<\/span>\n\t\t\t\t\t<\/button>\n\t\t\t\t<\/div>\n\t\t\t<\/div>\n\t\t<input\n                    class=\"apbct_special_field apbct_email_id__elementor_form\"\n                    name=\"apbct__email_id__elementor_form\"\n                    aria-label=\"apbct__label_id__elementor_form\"\n                    type=\"text\" size=\"30\" maxlength=\"200\" autocomplete=\"off\"\n                    value=\"\"\n                \/><\/form>\n\t\t\t\t\t\t<\/div>\n\t\t\t\t<\/div>\n\t\t\t\t<\/div>\n\t\t\t\t\t<\/div>\n\t\t\t\t<\/div>\n\t\t\t\t<\/div>\n\t\t","protected":false},"excerpt":{"rendered":"<p>Contact Us Communication is Important! You can always contact us and we can work on your creative ideas together. Contact Us You can contact us for all of your event and experience ideas you would like to see come to life. Office 0212-272-0372 Contact Form<\/p>\n","protected":false},"author":1,"featured_media":0,"parent":0,"menu_order":0,"comment_status":"closed","ping_status":"closed","template":"elementor_header_footer","meta":{"_acf_changed":false,"footnotes":""},"class_list":["post-174","page","type-page","status-publish","hentry"],"acf":[],"yoast_head":"<!-- This site is optimized with the Yoast SEO plugin v25.5 - https:\/\/yoast.com\/wordpress\/plugins\/seo\/ -->\n<title>Contact - Escapist | Experience Gamification Productions Event<\/title>\n<meta name=\"description\" content=\"Escapist Event ile hemen ileti\u015fime ge\u00e7mek i\u00e7in t\u0131klay\u0131n. \u0130leti\u015fim: 212 272 0 372 \/ Mail: info@escapistevent.com.tr\" \/>\n<meta name=\"robots\" content=\"index, follow, max-snippet:-1, max-image-preview:large, max-video-preview:-1\" \/>\n<link rel=\"canonical\" href=\"https:\/\/escapistevent.com.tr\/en\/contact\/\" \/>\n<meta property=\"og:locale\" content=\"en_US\" \/>\n<meta property=\"og:type\" content=\"article\" \/>\n<meta property=\"og:title\" content=\"Contact - Escapist | Experience Gamification Productions Event\" \/>\n<meta property=\"og:description\" content=\"Escapist Event ile hemen ileti\u015fime ge\u00e7mek i\u00e7in t\u0131klay\u0131n. \u0130leti\u015fim: 212 272 0 372 \/ Mail: info@escapistevent.com.tr\" \/>\n<meta property=\"og:url\" content=\"https:\/\/escapistevent.com.tr\/en\/contact\/\" \/>\n<meta property=\"og:site_name\" content=\"Escapist | Experience Gamification Productions Event\" \/>\n<meta property=\"article:modified_time\" content=\"2025-07-27T23:42:23+00:00\" \/>\n<meta property=\"og:image\" content=\"https:\/\/escapistevent.com.tr\/en\/wp-content\/uploads\/2025\/07\/escapist-symbol-1.png\" \/>\n\t<meta property=\"og:image:width\" content=\"600\" \/>\n\t<meta property=\"og:image:height\" content=\"600\" \/>\n\t<meta property=\"og:image:type\" content=\"image\/png\" \/>\n<meta name=\"twitter:card\" content=\"summary_large_image\" \/>\n<meta name=\"twitter:label1\" content=\"Est. reading time\" \/>\n\t<meta name=\"twitter:data1\" content=\"1 minute\" \/>\n<script type=\"application\/ld+json\" class=\"yoast-schema-graph\">{\"@context\":\"https:\/\/schema.org\",\"@graph\":[{\"@type\":\"WebPage\",\"@id\":\"https:\/\/escapistevent.com.tr\/en\/contact\/\",\"url\":\"https:\/\/escapistevent.com.tr\/en\/contact\/\",\"name\":\"Contact - Escapist | Experience Gamification Productions Event\",\"isPartOf\":{\"@id\":\"https:\/\/escapistevent.com.tr\/en\/#website\"},\"primaryImageOfPage\":{\"@id\":\"https:\/\/escapistevent.com.tr\/en\/contact\/#primaryimage\"},\"image\":{\"@id\":\"https:\/\/escapistevent.com.tr\/en\/contact\/#primaryimage\"},\"thumbnailUrl\":\"https:\/\/escapistevent.com.tr\/en\/wp-content\/uploads\/2025\/07\/escapist-symbol-1.png\",\"datePublished\":\"2021-03-09T08:41:46+00:00\",\"dateModified\":\"2025-07-27T23:42:23+00:00\",\"description\":\"Escapist Event ile hemen ileti\u015fime ge\u00e7mek i\u00e7in t\u0131klay\u0131n. \u0130leti\u015fim: 212 272 0 372 \/ Mail: info@escapistevent.com.tr\",\"breadcrumb\":{\"@id\":\"https:\/\/escapistevent.com.tr\/en\/contact\/#breadcrumb\"},\"inLanguage\":\"en-US\",\"potentialAction\":[{\"@type\":\"ReadAction\",\"target\":[\"https:\/\/escapistevent.com.tr\/en\/contact\/\"]}]},{\"@type\":\"ImageObject\",\"inLanguage\":\"en-US\",\"@id\":\"https:\/\/escapistevent.com.tr\/en\/contact\/#primaryimage\",\"url\":\"https:\/\/escapistevent.com.tr\/en\/wp-content\/uploads\/2025\/07\/escapist-symbol-1.png\",\"contentUrl\":\"https:\/\/escapistevent.com.tr\/en\/wp-content\/uploads\/2025\/07\/escapist-symbol-1.png\",\"width\":600,\"height\":600},{\"@type\":\"BreadcrumbList\",\"@id\":\"https:\/\/escapistevent.com.tr\/en\/contact\/#breadcrumb\",\"itemListElement\":[{\"@type\":\"ListItem\",\"position\":1,\"name\":\"Anasayfa\",\"item\":\"https:\/\/escapistevent.com.tr\/en\/\"},{\"@type\":\"ListItem\",\"position\":2,\"name\":\"Contact\"}]},{\"@type\":\"WebSite\",\"@id\":\"https:\/\/escapistevent.com.tr\/en\/#website\",\"url\":\"https:\/\/escapistevent.com.tr\/en\/\",\"name\":\"Escapist | Experience Gamification Productions Event\",\"description\":\"Kurumsal firma ve markalar\u0131n ihtiya\u00e7lar\u0131na y\u00f6nelik deneyim tasar\u0131m\u0131, etkinlik ve prod\u00fcksiyon hizmeti veren yeni nesil bir deneyim ajans\u0131d\u0131r.\",\"potentialAction\":[{\"@type\":\"SearchAction\",\"target\":{\"@type\":\"EntryPoint\",\"urlTemplate\":\"https:\/\/escapistevent.com.tr\/en\/?s={search_term_string}\"},\"query-input\":{\"@type\":\"PropertyValueSpecification\",\"valueRequired\":true,\"valueName\":\"search_term_string\"}}],\"inLanguage\":\"en-US\"}]}<\/script>\n<!-- \/ Yoast SEO plugin. -->","yoast_head_json":{"title":"Contact - Escapist | Experience Gamification Productions Event","description":"Escapist Event ile hemen ileti\u015fime ge\u00e7mek i\u00e7in t\u0131klay\u0131n. \u0130leti\u015fim: 212 272 0 372 \/ Mail: info@escapistevent.com.tr","robots":{"index":"index","follow":"follow","max-snippet":"max-snippet:-1","max-image-preview":"max-image-preview:large","max-video-preview":"max-video-preview:-1"},"canonical":"https:\/\/escapistevent.com.tr\/en\/contact\/","og_locale":"en_US","og_type":"article","og_title":"Contact - Escapist | Experience Gamification Productions Event","og_description":"Escapist Event ile hemen ileti\u015fime ge\u00e7mek i\u00e7in t\u0131klay\u0131n. \u0130leti\u015fim: 212 272 0 372 \/ Mail: info@escapistevent.com.tr","og_url":"https:\/\/escapistevent.com.tr\/en\/contact\/","og_site_name":"Escapist | Experience Gamification Productions Event","article_modified_time":"2025-07-27T23:42:23+00:00","og_image":[{"width":600,"height":600,"url":"https:\/\/escapistevent.com.tr\/en\/wp-content\/uploads\/2025\/07\/escapist-symbol-1.png","type":"image\/png"}],"twitter_card":"summary_large_image","twitter_misc":{"Est. reading time":"1 minute"},"schema":{"@context":"https:\/\/schema.org","@graph":[{"@type":"WebPage","@id":"https:\/\/escapistevent.com.tr\/en\/contact\/","url":"https:\/\/escapistevent.com.tr\/en\/contact\/","name":"Contact - Escapist | Experience Gamification Productions Event","isPartOf":{"@id":"https:\/\/escapistevent.com.tr\/en\/#website"},"primaryImageOfPage":{"@id":"https:\/\/escapistevent.com.tr\/en\/contact\/#primaryimage"},"image":{"@id":"https:\/\/escapistevent.com.tr\/en\/contact\/#primaryimage"},"thumbnailUrl":"https:\/\/escapistevent.com.tr\/en\/wp-content\/uploads\/2025\/07\/escapist-symbol-1.png","datePublished":"2021-03-09T08:41:46+00:00","dateModified":"2025-07-27T23:42:23+00:00","description":"Escapist Event ile hemen ileti\u015fime ge\u00e7mek i\u00e7in t\u0131klay\u0131n. \u0130leti\u015fim: 212 272 0 372 \/ Mail: info@escapistevent.com.tr","breadcrumb":{"@id":"https:\/\/escapistevent.com.tr\/en\/contact\/#breadcrumb"},"inLanguage":"en-US","potentialAction":[{"@type":"ReadAction","target":["https:\/\/escapistevent.com.tr\/en\/contact\/"]}]},{"@type":"ImageObject","inLanguage":"en-US","@id":"https:\/\/escapistevent.com.tr\/en\/contact\/#primaryimage","url":"https:\/\/escapistevent.com.tr\/en\/wp-content\/uploads\/2025\/07\/escapist-symbol-1.png","contentUrl":"https:\/\/escapistevent.com.tr\/en\/wp-content\/uploads\/2025\/07\/escapist-symbol-1.png","width":600,"height":600},{"@type":"BreadcrumbList","@id":"https:\/\/escapistevent.com.tr\/en\/contact\/#breadcrumb","itemListElement":[{"@type":"ListItem","position":1,"name":"Anasayfa","item":"https:\/\/escapistevent.com.tr\/en\/"},{"@type":"ListItem","position":2,"name":"Contact"}]},{"@type":"WebSite","@id":"https:\/\/escapistevent.com.tr\/en\/#website","url":"https:\/\/escapistevent.com.tr\/en\/","name":"Escapist | Experience Gamification Productions Event","description":"Kurumsal firma ve markalar\u0131n ihtiya\u00e7lar\u0131na y\u00f6nelik deneyim tasar\u0131m\u0131, etkinlik ve prod\u00fcksiyon hizmeti veren yeni nesil bir deneyim ajans\u0131d\u0131r.","potentialAction":[{"@type":"SearchAction","target":{"@type":"EntryPoint","urlTemplate":"https:\/\/escapistevent.com.tr\/en\/?s={search_term_string}"},"query-input":{"@type":"PropertyValueSpecification","valueRequired":true,"valueName":"search_term_string"}}],"inLanguage":"en-US"}]}},"_links":{"self":[{"href":"https:\/\/escapistevent.com.tr\/en\/wp-json\/wp\/v2\/pages\/174","targetHints":{"allow":["GET"]}}],"collection":[{"href":"https:\/\/escapistevent.com.tr\/en\/wp-json\/wp\/v2\/pages"}],"about":[{"href":"https:\/\/escapistevent.com.tr\/en\/wp-json\/wp\/v2\/types\/page"}],"author":[{"embeddable":true,"href":"https:\/\/escapistevent.com.tr\/en\/wp-json\/wp\/v2\/users\/1"}],"replies":[{"embeddable":true,"href":"https:\/\/escapistevent.com.tr\/en\/wp-json\/wp\/v2\/comments?post=174"}],"version-history":[{"count":16,"href":"https:\/\/escapistevent.com.tr\/en\/wp-json\/wp\/v2\/pages\/174\/revisions"}],"predecessor-version":[{"id":8007,"href":"https:\/\/escapistevent.com.tr\/en\/wp-json\/wp\/v2\/pages\/174\/revisions\/8007"}],"wp:attachment":[{"href":"https:\/\/escapistevent.com.tr\/en\/wp-json\/wp\/v2\/media?parent=174"}],"curies":[{"name":"wp","href":"https:\/\/api.w.org\/{rel}","templated":true}]}}